{"id":12,"date":"2024-09-24T10:33:47","date_gmt":"2024-09-24T10:33:47","guid":{"rendered":"https:\/\/adr-167-sr.brand-dev.me\/?page_id=12"},"modified":"2024-09-30T08:59:33","modified_gmt":"2024-09-30T08:59:33","slug":"home","status":"publish","type":"page","link":"https:\/\/adr-167-sr2.brand-dev.me\/","title":{"rendered":"Home"},"content":{"rendered":"<!-- wp:themify-builder\/canvas \/-->","protected":false},"excerpt":{"rendered":"","protected":false},"author":1,"featured_media":0,"parent":0,"menu_order":0,"comment_status":"closed","ping_status":"closed","template":"","meta":{"footnotes":""},"class_list":["post-12","page","type-page","status-publish","hentry","has-post-title","has-post-date","has-post-category","has-post-tag","has-post-comment","has-post-author",""],"builder_content":"[smartslider3 slider=\"2\"]\n<h1> Schimmer \u2013 Ihr Partner am Bau<br\/><\/h1>\n\n<h5>Eine generations\u00fcbergreifende Erfolgsgeschichte: Die Franz Schimmer GmbH ist seit \u00fcber 75 Jahren und drei Generationen hinweg Ihr zuverl\u00e4ssiger Partner am Bau. Unser Unternehmen hat sich in dieser Zeit dynamisch entwickelt, dabei sind wir unseren regionalen Wurzeln stets treu geblieben. Heute bieten wir ein strategisch klug \u201ekonstruiertes\u201c Leistungsportfolio rund um den Bau. Unsere Kunden profitieren vom nahtlosen Zusammenspiel unserer vier Hauptbereiche: Bauunternehmen, Transportbeton, Kies und Splitt sowie Fliesen und Natursteine. Qualit\u00e4t wird bei uns gro\u00dfgeschrieben.<\/h5>\n<img src=\"https:\/\/adr-167-sr2.brand-dev.me\/wp-content\/uploads\/2024\/09\/Schimmer-29.jpg\" title=\"Schimmer-29\" alt=\"Schimmer-29\" srcset=\"https:\/\/adr-167-sr2.brand-dev.me\/wp-content\/uploads\/2024\/09\/Schimmer-29.jpg 600w, https:\/\/adr-167-sr2.brand-dev.me\/wp-content\/uploads\/2024\/09\/Schimmer-29-300x200.jpg 300w\" sizes=\"(max-width: 600px) 100vw, 600px\" \/>\n<h2>Bauunternehmen<\/h2> <p>Einfamilienh\u00e4user, Reihenh\u00e4user, Wohn- und Gesch\u00e4ftsgeb\u00e4ude, gewerbliche Objekte aller Art und Gr\u00f6\u00dfe, \u00f6ffentliche Bauten in ihrer ganzen Vielfalt. Wir bieten optimale L\u00f6sungen aus einer Hand. Dabei ist es unser Anspruch den verschiedenen Anforderungen, Vorstellungen und W\u00fcnsche unserer Kunden gerecht zu werden.<\/p>\n<a href=\"https:\/\/schimmer-buxheim.de\/leistungen\/bauunternehmen\/\" > Mehr Infromation! <\/a>\n<img src=\"https:\/\/adr-167-sr2.brand-dev.me\/wp-content\/uploads\/2024\/09\/Mischer-Fahrerseite-1.jpg\" title=\"Mischer-Fahrerseite-1\" alt=\"Mischer-Fahrerseite-1\" srcset=\"https:\/\/adr-167-sr2.brand-dev.me\/wp-content\/uploads\/2024\/09\/Mischer-Fahrerseite-1.jpg 600w, https:\/\/adr-167-sr2.brand-dev.me\/wp-content\/uploads\/2024\/09\/Mischer-Fahrerseite-1-300x200.jpg 300w\" sizes=\"(max-width: 600px) 100vw, 600px\" \/>\n<h2>Transportbeton<\/h2> <p>Ohne Beton geht beim Bauen nichts! Seinen Ruf als \u201egraue Maus\u201c unter den Baustoffen hat er l\u00e4ngst abgelegt. Beton ist ein vielf\u00e4ltig verwendbarer und anpassungsf\u00e4higer Baustoff, hergestellt aus den nat\u00fcrlichen Komponenten Kies, Sand, Zement und Wasser. Seit \u00fcber 45 Jahren beliefern wir zuverl\u00e4ssig unsere Kunden.<\/p>\n<a href=\"https:\/\/schimmer-buxheim.de\/leistungen\/beton\/\" > Mehr Infromation! <\/a>\n<img src=\"https:\/\/adr-167-sr2.brand-dev.me\/wp-content\/uploads\/2024\/09\/teaser_kies.jpg\" title=\"teaser_kies\" alt=\"teaser_kies\" srcset=\"https:\/\/adr-167-sr2.brand-dev.me\/wp-content\/uploads\/2024\/09\/teaser_kies.jpg 600w, https:\/\/adr-167-sr2.brand-dev.me\/wp-content\/uploads\/2024\/09\/teaser_kies-300x200.jpg 300w\" sizes=\"(max-width: 600px) 100vw, 600px\" \/>\n<h2>Kies und Splitt<br><\/h2> <p>Einfamilienh\u00e4user, Reihenh\u00e4user, Wohn- und Gesch\u00e4ftsgeb\u00e4ude, gewerbliche Objekte aller Art und Gr\u00f6\u00dfe, \u00f6ffentliche Bauten in ihrer ganzen Vielfalt. Wir bieten optimale L\u00f6sungen aus einer Hand. Dabei ist es unser Anspruch den verschiedenen Anforderungen, Vorstellungen und W\u00fcnsche unserer Kunden gerecht zu werden.<\/p>\n<a href=\"https:\/\/schimmer-buxheim.de\/leistungen\/kies-splitt\/\" > Mehr Infromation! <\/a>\n<a href=\"https:\/\/fliesen-schimmer.de\/\"> <img src=\"https:\/\/adr-167-sr2.brand-dev.me\/wp-content\/uploads\/2024\/09\/SCHIMMER_Logo-weiss-orange.png\" title=\"SCHIMMER_Logo-weiss-orange\" alt=\"SCHIMMER_Logo-weiss-orange\"> <\/a>","_links":{"self":[{"href":"https:\/\/adr-167-sr2.brand-dev.me\/index.php?rest_route=\/wp\/v2\/pages\/12","targetHints":{"allow":["GET"]}}],"collection":[{"href":"https:\/\/adr-167-sr2.brand-dev.me\/index.php?rest_route=\/wp\/v2\/pages"}],"about":[{"href":"https:\/\/adr-167-sr2.brand-dev.me\/index.php?rest_route=\/wp\/v2\/types\/page"}],"author":[{"embeddable":true,"href":"https:\/\/adr-167-sr2.brand-dev.me\/index.php?rest_route=\/wp\/v2\/users\/1"}],"replies":[{"embeddable":true,"href":"https:\/\/adr-167-sr2.brand-dev.me\/index.php?rest_route=%2Fwp%2Fv2%2Fcomments&post=12"}],"version-history":[{"count":60,"href":"https:\/\/adr-167-sr2.brand-dev.me\/index.php?rest_route=\/wp\/v2\/pages\/12\/revisions"}],"predecessor-version":[{"id":327,"href":"https:\/\/adr-167-sr2.brand-dev.me\/index.php?rest_route=\/wp\/v2\/pages\/12\/revisions\/327"}],"wp:attachment":[{"href":"https:\/\/adr-167-sr2.brand-dev.me\/index.php?rest_route=%2Fwp%2Fv2%2Fmedia&parent=12"}],"curies":[{"name":"wp","href":"https:\/\/api.w.org\/{rel}","templated":true}]}}