{"id":2,"date":"2024-09-24T09:55:34","date_gmt":"2024-09-24T09:55:34","guid":{"rendered":"https:\/\/adr-167-sr.brand-dev.me\/?page_id=2"},"modified":"2024-09-27T07:55:00","modified_gmt":"2024-09-27T07:55:00","slug":"sample-page","status":"publish","type":"page","link":"https:\/\/adr-167-sr2.brand-dev.me\/?page_id=2","title":{"rendered":"Was uns ausmacht"},"content":{"rendered":"<!-- wp:themify-builder\/canvas \/-->","protected":false},"excerpt":{"rendered":"","protected":false},"author":1,"featured_media":0,"parent":266,"menu_order":0,"comment_status":"closed","ping_status":"open","template":"","meta":{"footnotes":""},"class_list":["post-2","page","type-page","status-publish","hentry","has-post-title","has-post-date","has-post-category","has-post-tag","has-post-comment","has-post-author",""],"builder_content":"\n<h2>Unternehmen<\/h2>\n<h1> Was uns ausmacht<br\/><\/h1>\n\n<p>Erfahrung, die \u00fcber Generationen weitergegeben wird, ist gerade im Bauhandwerk von unsch\u00e4tzbarem Wert. Sie bildet das Fundament unseres Familienunternehmens, auf das unsere Kunden seit Jahrzehnten bauen.<\/p> <p>Langj\u00e4hrige Gesch\u00e4ftsbeziehungen und Partnerschaften, st\u00e4ndige Investitionen in technische Innovationen und kontinuierliches Qualit\u00e4tsstreben sind wichtige Bausteine unseres Handelns.<\/p> <p>Dabei sind unsere Mitarbeiter die Grundlage f\u00fcr die dynamische Entwicklung unserer Firma. Sie bilden das gr\u00f6\u00dfte Kapital und verantworten den st\u00e4ndigen Wissenstransfer. Davon profitieren unsere Kunden in der gesamten Region und dar\u00fcber hinaus. Auf Sie geht unser Ruf als vertrauensw\u00fcrdiger, zuverl\u00e4ssiger und fachkompetenter Bau- und Handwerkspartner zur\u00fcck. Eine bessere Werbung gibt es nicht.<\/p> <p>\u00a0<\/p> <p>Unsere Standorte finden Sie <a href=\"https:\/\/schimmer-buxheim.de\/kontakt-2\" target=\"_blank\" rel=\"noopener noreferrer\">hier<\/a>.<\/p>\nDas Zusammenspiel unserer vier Leistungsbereiche\n&nbsp; <br><br><a href=\"https:\/\/schimmer-buxheim.de\/leistungen\/bauunternehmen\">Bauunternehmen<\/a>&nbsp;<a href=\"https:\/\/schimmer-buxheim.de\/leistungen\/beton\">Transportbeton<\/a> <br><a href=\"https:\/\/schimmer-buxheim.de\/leistungen\/kies-splitt\" target=\"_blank\" rel=\"noopener noreferrer\">Kies und Splitt<\/a> <br><a href=\"http:\/\/fliesen-schimmer.de\">Fliesen und&nbsp;Natursteine<\/a>\n&nbsp; <br><br>zeichnet uns aus und macht uns stark. Gleichzeitig sehen wir es als eine der gr\u00f6\u00dften Herausforderungen, die hohen Anforderungen und Aufgaben unserer Branche anzunehmen und auch zu meistern. Unsere Geschichte zeigt, dass wir diesen Anspr\u00fcchen gerecht werden und daran wachsen. Das macht uns aus.\n<h1>Gesch\u00e4ftsf\u00fchrung<br\/><\/h1>\n\n<img src=\"https:\/\/adr-167-sr2.brand-dev.me\/wp-content\/uploads\/2024\/09\/Elfriede-und-Matthias-1024x682-1159x772.jpg\" width=\"1159\" height=\"772\" title=\"Elfriede-und-Matthias\" alt=\"Elfriede-und-Matthias\" srcset=\"https:\/\/adr-167-sr2.brand-dev.me\/wp-content\/uploads\/2024\/09\/Elfriede-und-Matthias-1024x682-1159x772.jpg 1159w, https:\/\/adr-167-sr2.brand-dev.me\/wp-content\/uploads\/2024\/09\/Elfriede-und-Matthias-300x200.jpg 300w, https:\/\/adr-167-sr2.brand-dev.me\/wp-content\/uploads\/2024\/09\/Elfriede-und-Matthias-1024x682.jpg 1024w, https:\/\/adr-167-sr2.brand-dev.me\/wp-content\/uploads\/2024\/09\/Elfriede-und-Matthias-768x512.jpg 768w, https:\/\/adr-167-sr2.brand-dev.me\/wp-content\/uploads\/2024\/09\/Elfriede-und-Matthias.jpg 1100w\" sizes=\"(max-width: 1159px) 100vw, 1159px\" \/>\n<h3 style=\"text-align: center;\"><br><\/h3><h3 style=\"text-align: center;\">Matthias Schimmer<\/h3> <p style=\"text-align: center;\">Gesch\u00e4ftsf\u00fchrender Gesellschafter<\/p><p style=\"text-align: center;\"><br><\/p> <p style=\"text-align: center;\">Verantwortungsbereich<\/p> <p style=\"text-align: center;\">Bauunternehmen, Transportbeton, Kies Splitt<\/p>\n\n<h3 style=\"text-align: center;\"><br><\/h3><h3 style=\"text-align: center;\">Elfriede Schimmer<\/h3> <p style=\"text-align: center;\">Gesch\u00e4ftsf\u00fchrerin<\/p><p style=\"text-align: center;\"><br><\/p> <p style=\"text-align: center;\">Verantwortungsbereich<\/p> <p style=\"text-align: center;\">Fliesen, Natursteine, Verwaltung<br><\/p>\n","_links":{"self":[{"href":"https:\/\/adr-167-sr2.brand-dev.me\/index.php?rest_route=\/wp\/v2\/pages\/2","targetHints":{"allow":["GET"]}}],"collection":[{"href":"https:\/\/adr-167-sr2.brand-dev.me\/index.php?rest_route=\/wp\/v2\/pages"}],"about":[{"href":"https:\/\/adr-167-sr2.brand-dev.me\/index.php?rest_route=\/wp\/v2\/types\/page"}],"author":[{"embeddable":true,"href":"https:\/\/adr-167-sr2.brand-dev.me\/index.php?rest_route=\/wp\/v2\/users\/1"}],"replies":[{"embeddable":true,"href":"https:\/\/adr-167-sr2.brand-dev.me\/index.php?rest_route=%2Fwp%2Fv2%2Fcomments&post=2"}],"version-history":[{"count":116,"href":"https:\/\/adr-167-sr2.brand-dev.me\/index.php?rest_route=\/wp\/v2\/pages\/2\/revisions"}],"predecessor-version":[{"id":268,"href":"https:\/\/adr-167-sr2.brand-dev.me\/index.php?rest_route=\/wp\/v2\/pages\/2\/revisions\/268"}],"up":[{"embeddable":true,"href":"https:\/\/adr-167-sr2.brand-dev.me\/index.php?rest_route=\/wp\/v2\/pages\/266"}],"wp:attachment":[{"href":"https:\/\/adr-167-sr2.brand-dev.me\/index.php?rest_route=%2Fwp%2Fv2%2Fmedia&parent=2"}],"curies":[{"name":"wp","href":"https:\/\/api.w.org\/{rel}","templated":true}]}}