{"id":396,"date":"2024-09-30T10:55:31","date_gmt":"2024-09-30T10:55:31","guid":{"rendered":"https:\/\/adr-167-sr.brand-dev.me\/?page_id=396"},"modified":"2024-10-31T09:40:25","modified_gmt":"2024-10-31T09:40:25","slug":"ausbildung","status":"publish","type":"page","link":"https:\/\/adr-167-sr2.brand-dev.me\/?page_id=396","title":{"rendered":"Ausbildung"},"content":{"rendered":"<!-- wp:themify-builder\/canvas \/-->","protected":false},"excerpt":{"rendered":"","protected":false},"author":1,"featured_media":0,"parent":0,"menu_order":0,"comment_status":"closed","ping_status":"closed","template":"","meta":{"footnotes":""},"class_list":["post-396","page","type-page","status-publish","hentry","has-post-title","has-post-date","has-post-category","has-post-tag","has-post-comment","has-post-author",""],"builder_content":"\n<h2>Ausbildung<\/h2>\n<h1>Wir bauen auf DICH \u2013 Starte jetzt in deine berufliche Zukunft<br\/><\/h1>\n<p>Eine qualifizierte Berufsausbildung ist ein wichtiger Grundstein f\u00fcr einen erfolgreichen Einstieg in das Berufsleben. Gut ausgebildete Fachkr\u00e4fte sind das Fundament f\u00fcr einen wirtschaftlich erfolgreichen Mittelstand. Die Firma Franz Schimmer ist sich dessen bewusst und leistet einen wesentlichen Beitrag. Wir wollen unser Fachwissen an junge, motivierte und einsatzfreudige Menschen weitergeben. Die Mitarbeiter sind unser gr\u00f6\u00dftes Kapital. Das soll langfristig so bleiben.<\/p>\n<p>Wir geben jungen Menschen die M\u00f6glichkeit einer fundierten Ausbildung in folgenden Berufen:<\/p>\n<img src=\"https:\/\/adr-167-sr2.brand-dev.me\/wp-content\/uploads\/2024\/09\/4092047_azubi-guide-artikel-bild-full_1trDOD_xmFUYx-539x303-400x200-1-460x240.jpg\" width=\"460\" height=\"240\" title=\"4092047_azubi-guide-artikel-bild-full_1trDOD_xmFUYx-539x303-400x200\" alt=\"Lukas Bruglachner, Maurergeselle, geehrt mit dem Preis des Landkreises Eichst\u00e4tt (Notendurchschnitt 1.6).\"> Lukas Bruglachner, Maurergeselle, geehrt mit dem Preis des Landkreises Eichst\u00e4tt (Notendurchschnitt 1.6).\n<ul><li><h4>Maurer (m\/w\/d)<\/h4><p>Das Berufsbild des Maurer ist vielf\u00e4ltig und spannend. Die Errichtung von Mauerwerk, die Verarbeitung von Beton und Stahlbeton oder das Anbringen verschiedenster Baumaterialien wie D\u00e4mm- oder Abdichtungsstoffe geh\u00f6ren dazu. Ein echter Allrounder auf der Baustelle. Ohne Maurer kein Haus! Ein Beruf mit hervorragenden Zukunftsperspektiven.<\/p> <p>Unsere Anforderungen an Dich:<\/p> <ul> <li>Erfolgreicher Abschluss der Mittelschule<\/li> <li>Begeisterung f\u00fcr das Handwerk<\/li> <li>Naturliebhaber (egal zu welcher Jahreszeit)<\/li> <li>Lern- und Teambereitschaft<\/li> <\/ul> <p>Wieso Ausbildung?<\/p> <ul> <li>Eine qualifizierte Ausbildung als wichtiger Grundstein f\u00fcr einen erfolgreichen Berufseinstieg<\/li> <li>Fachkr\u00e4fte werden gesucht und sind hoch angesehen<\/li> <li>Die Bedeutung des Handwerks ist stark in den Mittelpunkt ger\u00fcckt<\/li> <li>Das Maurerhandwerk z\u00e4hlt zu den bestbezahltesten Ausbildungsberufen<\/li> <\/ul> <p>Was wir Dir bieten:<\/p> <ul> <li>Jahrzehnte lange Erfahrung im Bauhandwerk<\/li> <li>Abwechslungsreiche T\u00e4tigkeitsfelder in unseren vielf\u00e4ltigen Arbeitsbereichen und Projekten<\/li> <li>Weiterbildungs- und Aufstiegsm\u00f6glichkeiten innerhalb unseres Unternehmens<\/li> <li>Leistungsgerechte Verg\u00fctung sowie Sozialleistungen gem. BRTV<\/li> <\/ul> <p>Die Ausbildung:<\/p> <p>Dauer: 3 Jahre bei (qualifizierendem) Abschluss der Mittelschule. Ein h\u00f6herer Schulabschluss (z.B. Mittlere Reife) kann angerechnet werden, die Ausbildung verk\u00fcrzt sich sodann auf 2,5 Jahre. Bei \u00fcberdurchschnittlichen Leistungen in Schule und Betrieb ist eine Verk\u00fcrzung auf 2 Jahre m\u00f6glich.<\/p> <p>Ablauf: Ansprechpartner ist Matthias Schimmer als Ausbildungsverantwortlicher. Die Bezugspersonen sind unsere Vorarbeiter und Maurer auf den Baustellen, die unsere Auszubildende auf Ihrem Ausbildungsweg begleiten und eine hohe fachliche Ausbildung unserer Auszubildenden garantieren.<\/p> <p>1. Ausbildungsjahr: Verh\u00e4ltnis 60:40 von schulischer und betrieblicher Ausbildung<br>2.&nbsp; Ausbildungsjahr: Verh\u00e4ltnis 50:50 von schulischer und betrieblicher Ausbildung<br>3. Ausbildungsjahr: Verh\u00e4ltnis 40:60 von schulischer und betrieblicher Ausbildung<\/p> <p>Die schulische Ausbildung in der Berufsschule erfolgt in Form eines Blockunterrichts. Es finden \u00fcberbetriebliche Lehrg\u00e4nge statt.<\/p> <p>Berufschancen: Qualifikation als Vorarbeiter, Weiterbildungsm\u00f6glichkeit zum Polier oder Maurermeister u.v.m.<\/p> <p>N\u00e4chster Ausbildungsbeginn: 01. September 2024<\/p> <p>Wir freuen uns auf deine Bewerbung! Sende deine Bewerbungsunterlagen an: info@schimmer-buxheim.de. Bei weiteren Fragen freuen wir uns auf Deinen Anruf.<\/p><\/li><li><h4>Beton- und Stahlbetonbauer (m\/w\/d)<\/h4><p>Harte Schale, weicher Kern! Das trifft den Ausbildungsberuf sehr gut. Du baust Schalungen in verschiedensten Formen, verst\u00e4rkst diese mit Betonstahl, der sogenannten Bewehrung, gie\u00dft selbstgemachten Schimmer-Beton hinein und verteilst ihn gleichm\u00e4\u00dfig. Und nach dem Aush\u00e4rten und Ausschalen ist das Werk vollbracht. Keine Baustelle ist mehr vor dir sicher, daf\u00fcr sind die Bauwerke dank dir umso sicherer und stabiler. Genau wie der Maurer ein Beruf mit hervorragenden Zukunftsperspektiven.<\/p> <p>Unsere Anforderungen an Dich: <br><\/p> <ul> <li>Erfolgreicher Abschluss der Mittelschule<\/li> <li>Begeisterung f\u00fcr das Handwerk<\/li> <li>Naturliebhaber (egal zu welcher Jahreszeit)<\/li> <li>Lern- und Teambereitschaft<\/li> <\/ul> <p>Wieso Ausbildung? <br><\/p> <ul> <li>Eine qualifizierte Ausbildung als wichtiger Grundstein f\u00fcr einen erfolgreichen Berufseinstieg<\/li> <li>Fachkr\u00e4fte werden gesucht und sind hoch angesehen<\/li> <li>Die Bedeutung des Handwerks ist stark in den Mittelpunkt ger\u00fcckt<\/li> <li>Das Beton- und Stahlbetonhandwerk z\u00e4hlt zu den bestbezahltesten Ausbildungsberufen<\/li> <\/ul> <p>Was wir Dir bieten: <br><\/p> <ul> <li>Jahrzehnte lange Erfahrung im Bauhandwerk<\/li> <li>Abwechslungsreiche T\u00e4tigkeitsfelder in unseren vielf\u00e4ltigen Arbeitsbereichen und Projekten<\/li> <li>Weiterbildungs- und Aufstiegsm\u00f6glichkeiten innerhalb unseres Unternehmens<\/li> <\/ul> <p>Die Ausbildung <br><\/p> <p>Dauer: 3 Jahre bei qualifizierendem Hauptschulabschluss. Ein h\u00f6herer Schulabschluss kann angerechnet werden, die Ausbildung verk\u00fcrzt sich sodann auf 2,5 Jahre. Bei \u00fcberdurchschnittlichen Leistungen in Schule und Betrieb ist eine Verk\u00fcrzung auf 2 Jahre m\u00f6glich.<\/p> <p>Ablauf: Ansprechpartner ist Matthias Schimmer als Ausbildungsverantwortlicher. Die Bezugspersonen sind unsere Facharbeiter auf den Baustellen, die unsere Auszubildende auf Ihrem Ausbildungsweg begleiten und f\u00fcr eine hohe fachliche Ausbildung zur Seite stehen. <br><\/p> <p>Ausbildungsjahr: Verh\u00e4ltnis 60:40 von schulischer und betrieblicher Ausbildung<br>Ausbildungsjahr: Verh\u00e4ltnis 50:50 von schulischer und betrieblicher Ausbildung<br>Ausbildungsjahr: Verh\u00e4ltnis 40:60 von schulischer und betrieblicher Ausbildung<\/p> <p>Die schulische Ausbildung in der Berufsschule erfolgt in Form eines Blockunterrichts. Es finden \u00fcberbetriebliche Lehrg\u00e4nge statt. <br><\/p> <p>Berufschancen: Qualifikation als Vorarbeiter, Weiterbildungsm\u00f6glichkeit zum Polier oder Maurer- und Betonbauermeister u.v.m.<\/p> <p>N\u00e4chster Ausbildungsbeginn: 01. September 2024 <br><\/p> <p>Wir freuen uns auf deine Bewerbung! Sende deine Bewerbungsunterlagen an: info@schimmer-buxheim.de. Bei weiteren Fragen freuen wir uns auf Deinen Anruf.<\/p><\/li><li><h4>Zimmerer (m\/w\/d)<\/h4><p>Du hast das ber\u00fchmte Brett nicht vor dem Kopf? Daf\u00fcr wei\u00dft du eine Menge mit dem nachwachsenden Baustoff anzustellen? Egal ob anspruchsvolle Holzkonstruktionen f\u00fcr Neubauten oder Dachstuhlsanierungen denkmalgesch\u00fctzter H\u00e4user: Deine F\u00e4higkeiten sind gefragt! Ein moderner Beruf mit uralter Tradition. Aus welchem Holz bist du geschnitzt? Zeige es uns!<\/p> <p>Unsere Anforderungen an Dich: <br><\/p> <ul> <li>Erfolgreicher Abschluss der Mittelschule<\/li> <li>Begeisterung f\u00fcr das Handwerk<\/li> <li>R\u00e4umliches Vorstellungsverm\u00f6gen<\/li> <li>Lern- und Teambereitschaft<\/li> <\/ul> <p>Wieso Ausbildung? <br><\/p> <ul> <li>Eine qualifizierte Ausbildung als wichtiger Grundstein f\u00fcr einen erfolgreichen Berufseinstieg<\/li> <li>Fachkr\u00e4fte werden gesucht und sind hoch angesehen<\/li> <li>Die Bedeutung des Handwerks ist stark in den Mittelpunkt ger\u00fcckt<\/li><\/ul> <p>Was wir Dir bieten: <br><\/p> <ul> <li>Jahrzehnte lange Erfahrung im Zimmererhandwerk<\/li> <li>Abwechslungsreiche T\u00e4tigkeitsfelder in unseren vielf\u00e4ltigen Arbeitsbereichen und Projekten<\/li> <li>Weiterbildungs- und Aufstiegsm\u00f6glichkeiten innerhalb unseres Unternehmens<\/li><\/ul> <p>Die Ausbildung: <br><\/p> <p>Dauer: 3 Jahre bei qualifizierendem Hauptschulabschluss. Ein h\u00f6herer Schulabschluss kann angerechnet werden, die Ausbildung verk\u00fcrzt sich sodann auf 2,5 Jahre. Bei \u00fcberdurchschnittlichen Leistungen in Schule und Betrieb ist eine Verk\u00fcrzung auf 2 Jahre m\u00f6glich. <br><\/p> <p>Ablauf: Ansprechpartner ist Matthias Schimmer als Ausbildungsverantwortlicher. Die Bezugspersonen sind unsere Zimmerer auf der Baustelle, die unsere Auszubildende auf Ihrem Ausbildungsweg begleiten, unterst\u00fctzen und f\u00fcr eine hohe fachliche Ausbildung zur Seite stehen. <br><\/p> <p>1. Ausbildungsjahr: Vollzeitunterricht in der Berufsschule in Form eines Berufsgrundbildungsjahres<\/p> <p>2. und 3. Ausbildungsjahr: Kombination aus schulischer und betrieblicher Ausbildung. Die schulische Ausbildung erfolgt entweder durch feste Berufsschultage oder Blockunterricht <br><\/p> <p>Dar\u00fcber hinaus finden \u00fcberbetriebliche Lehrg\u00e4nge statt.<\/p> <p>Berufschancen: Qualifikation als Zimmerervorarbeiter, Weiterbildungsm\u00f6glichkeit zum Polier oder Zimmerermeister u.v.m.<\/p> <p>N\u00e4chster Ausbildungsbeginn: 01. September 2024<\/p> <p>Wir freuen uns auf deine Bewerbung! Sende deine Bewerbungsunterlagen an: info@schimmer-buxheim.de. Bei weiteren Fragen freuen wir uns auf Deinen Anruf.<\/p><\/li><li><h4>Kaufmann f\u00fcr B\u00fcromanagement (m\/w\/d)<\/h4><p>Organisationstalent, Zahlengenie, PC-Freak, Menschenfreund, Perfektionist \u2013 Ohne einen funktionierenden Verwaltungsablauf funktioniert kein Unternehmen. Die gro\u00dfe Vielfalt macht die Ausbildung zu einem der beliebtesten Ausbildungsberufe \u00fcberhaupt. Und die Auswahl an Fort- und Weiterbildungsm\u00f6glichkeiten sind gro\u00df. Aufgrund unserer verschiedenen Leistungsbereiche bieten wir bestm\u00f6gliche Bedingungen. Du lernst somit abwechslungsreiche T\u00e4tigkeitsfelder kennen, z.B. im Bereich Buchf\u00fchrung, B\u00fcroorganisation, Einkauf und (Lager-)Logistik, Marketing, Disposition, Baustoff- und Fliesenhandel. <\/p> <p>Unsere Anforderungen an Dich:<\/p> <ul> <li>Sehr guter qualifizierender Abschluss der Mittelschule oder Mittlere Reife<\/li> <li>Betriebswirtschaftliches Interesse<\/li> <li>Einsatzbereitschaft und Flexibilit\u00e4t<\/li> <\/ul> <p>Wieso Ausbildung? <\/p> <ul> <li>Eine qualifizierte Ausbildung als wichtiger Grundstein f\u00fcr einen erfolgreichen Berufseinstieg<\/li> <li>Der Kaufmann \/ die Kauffrau als ein breit gef\u00e4cherter und zukunftssicherer Beruf<\/li> <li>Vielf\u00e4ltige Fort- und Weiterbildungsm\u00f6glichkeiten<\/li> <\/ul> <p>Was wir Dir bieten:<\/p> <ul> <li>Jahrzehnte lange Erfahrung in der Baubranche<\/li> <li>Abwechslungsreiche und interessante Aufgabengebiete in unseren vielf\u00e4ltigen Arbeitsbereichen<\/li> <li>Weiterbildungs- und Aufstiegsm\u00f6glichkeiten innerhalb unseres Unternehmens<\/li> <li>Leistungsgerechte Verg\u00fctung sowie Sozialleistungen gem. BRTV<\/li> <\/ul> <p>Die Ausbildung:<\/p> <p>Dauer: 3 Jahre bei qualifizierendem Hauptschulabschluss. Die Mittlere Reife kann angerechnet werden, die Ausbildung verk\u00fcrzt sich sodann auf 2,5 Jahre. Bei \u00fcberdurchschnittlichen Leistungen in Schule und Betrieb ist eine Verk\u00fcrzung auf 2 Jahre m\u00f6glich. <\/p> <p>Ablauf: Ansprechpartner sind Elfriede Schimmer und Matthias Schimmer als Ausbildungsverantwortliche. Die Bezugspersonen sind unsere Kaufleute und Verwaltungsangestellten in unserem Firmensitz in Buxheim. Sie betreuen unsere Auszubildenden auf Ihrem Ausbildungsweg und garantieren eine hohe fachliche Ausbildung unserer Lehrlinge.<\/p> <p>1.- 3. Ausbildungsjahr: Kombination aus schulischer und betrieblicher Ausbildung. Die schulische Ausbildung erfolgt anhand festgelegter Berufsschultage, ca. 1,5 Tage pro Woche <\/p> <p>Berufschancen: Weiterbildung zum Fachwirt oder Bilanzbuchhalter u.v.m.<\/p> <p>N\u00e4chster Ausbildungsbeginn: 01. September 2024 <\/p> <p>Wir freuen uns auf deine Bewerbung! Sende deine Bewerbungsunterlagen an: info@schimmer-buxheim.de. Bei weiteren Fragen freuen wir uns auf Deinen Anruf.<\/p><\/li><li><h4>KFZ-Mechatroniker (m\/w\/d)<\/h4><p>Handwerker, Techniker, Macher! So in etwa kann man den Ausbildungsberuf beschreiben. Unser Fuhrpark beinhaltet PKWs, Betonmischer, Sattelschlepper, Lader, Kettenbagger u.v.m. Dieser Fuhrpark will regelm\u00e4\u00dfig gewartet, repariert oder inspiziert werden. Fingerspitzengef\u00fchl ist genauso gefragt wie technisches Verst\u00e4ndnis und handwerkliches Geschick. Unsere Werkstatt in Irgertsheim wartet auf dich!<\/p> <p>Unsere Anforderungen an Dich:<\/p> <ul> <li>Erfolgreicher Abschluss der Mittelschule<\/li> <li>Technisches Verst\u00e4ndnis und Lust am \u201eSchrauben\u201c<\/li> <li>Begeisterung f\u00fcr Kraftfahrzeuge<\/li> <li>Lern- und Teambereitschaft<\/li> <\/ul> <p>Wieso Ausbildung?<\/p> <ul> <li>Eine qualifizierte Ausbildung als wichtiger Grundstein f\u00fcr einen erfolgreichen Berufseinstieg<\/li> <li>Fachkr\u00e4fte werden gesucht und sind hoch angesehen<\/li> <li>Die Bedeutung des Handwerks ist stark in den Mittelpunkt ger\u00fcckt<\/li> <\/ul> <p>Was wir Dir bieten:<\/p> <ul> <li>Jahrzehnte lange Erfahrung im KFZ-Handwerk<\/li> <li>Abwechslungsreiches T\u00e4tigkeitsfeld und verschiedenste Herausforderungen mit unserer Fahrzeugflotte<\/li> <li>Weiterbildungs- und Aufstiegsm\u00f6glichkeiten innerhalb unseres Unternehmens<\/li> <\/ul> <p>Die Ausbildung:<\/p> <p>Dauer: 3,5 Jahre bei qualifizierendem Hauptschulabschluss. Die Mittlere Reife kann angerechnet werden, die Ausbildung verk\u00fcrzt sich sodann auf 3 Jahre. Bei \u00fcberdurchschnittlichen Leistungen in Schule und Betrieb ist eine Verk\u00fcrzung auf 2,5 Jahre m\u00f6glich.<\/p> <p>Ablauf: Ansprechpartner ist Matthias Schimmer als Ausbildungsverantwortlicher. Die Bezugspersonen sind unsere Kfz-Mechaniker in unserer Werkstatt in Irgertsheim. Sie betreuen unsere Auszubildenden auf Ihrem Ausbildungsweg und stehen f\u00fcr eine hohe fachliche Ausbildung zur Seite.<\/p> <p>1. \u2013 4. Ausbildungsjahr: Kombination aus schulischer und betrieblicher Ausbildung. Die schulische Ausbildung in der Berufsschule erfolgt in Form eines Blockunterrichts. Es finden \u00fcberbetriebliche Lehrg\u00e4nge statt.<\/p> <p>Chancen: Kfz-Servicetechniker, Kfz-Meister, Spezialisierung in verschiedene Fachrichtungen wie Nutzfahrzeugtechnik oder PKW-Technik u.v.m.<\/p> <p>N\u00e4chster Ausbildungsbeginn: 01. September 2024<\/p> <p>Wir freuen uns auf deine Bewerbung! Sende deine Bewerbungsunterlagen an: info@schimmer-buxheim.de. Bei weiteren Fragen freuen wir uns auf Deinen Anruf.<\/p><\/li><\/ul>\n[Form id=\"1\"]","_links":{"self":[{"href":"https:\/\/adr-167-sr2.brand-dev.me\/index.php?rest_route=\/wp\/v2\/pages\/396","targetHints":{"allow":["GET"]}}],"collection":[{"href":"https:\/\/adr-167-sr2.brand-dev.me\/index.php?rest_route=\/wp\/v2\/pages"}],"about":[{"href":"https:\/\/adr-167-sr2.brand-dev.me\/index.php?rest_route=\/wp\/v2\/types\/page"}],"author":[{"embeddable":true,"href":"https:\/\/adr-167-sr2.brand-dev.me\/index.php?rest_route=\/wp\/v2\/users\/1"}],"replies":[{"embeddable":true,"href":"https:\/\/adr-167-sr2.brand-dev.me\/index.php?rest_route=%2Fwp%2Fv2%2Fcomments&post=396"}],"version-history":[{"count":31,"href":"https:\/\/adr-167-sr2.brand-dev.me\/index.php?rest_route=\/wp\/v2\/pages\/396\/revisions"}],"predecessor-version":[{"id":434,"href":"https:\/\/adr-167-sr2.brand-dev.me\/index.php?rest_route=\/wp\/v2\/pages\/396\/revisions\/434"}],"wp:attachment":[{"href":"https:\/\/adr-167-sr2.brand-dev.me\/index.php?rest_route=%2Fwp%2Fv2%2Fmedia&parent=396"}],"curies":[{"name":"wp","href":"https:\/\/api.w.org\/{rel}","templated":true}]}}